{"id":1369,"date":"2023-07-24T18:50:03","date_gmt":"2023-07-24T15:50:03","guid":{"rendered":"https:\/\/arbaksavunma.com.tr\/?page_id=1369"},"modified":"2023-07-24T19:07:30","modified_gmt":"2023-07-24T16:07:30","slug":"elektronik","status":"publish","type":"page","link":"https:\/\/arbaksavunma.com.tr\/index.php\/elektronik\/","title":{"rendered":"Elektronik"},"content":{"rendered":"\t\t<div data-elementor-type=\"wp-page\" data-elementor-id=\"1369\" class=\"elementor elementor-1369\">\n\t\t\t\t\t\t\t\t\t<section class=\"elementor-section elementor-top-section elementor-element elementor-element-3eee739 elementor-section-boxed elementor-section-height-default elementor-section-height-default wpr-particle-no wpr-jarallax-no wpr-parallax-no wpr-sticky-section-no\" data-id=\"3eee739\" data-element_type=\"section\">\n\t\t\t\t\t\t<div class=\"elementor-container elementor-column-gap-default\">\n\t\t\t\t\t<div class=\"elementor-column elementor-col-100 elementor-top-column elementor-element elementor-element-81b6b8b\" data-id=\"81b6b8b\" data-element_type=\"column\">\n\t\t\t<div class=\"elementor-widget-wrap elementor-element-populated\">\n\t\t\t\t\t\t\t\t<div class=\"elementor-element elementor-element-808dd87 elementor-widget elementor-widget-spacer\" data-id=\"808dd87\" data-element_type=\"widget\" data-widget_type=\"spacer.default\">\n\t\t\t\t<div class=\"elementor-widget-container\">\n\t\t\t<style>\/*! elementor - v3.7.4 - 31-08-2022 *\/\n.elementor-column .elementor-spacer-inner{height:var(--spacer-size)}.e-container{--container-widget-width:100%}.e-container>.elementor-widget-spacer{width:var(--container-widget-width,var(--spacer-size));-ms-flex-item-align:stretch;align-self:stretch;-ms-flex-negative:0;flex-shrink:0}.e-container>.elementor-widget-spacer>.elementor-widget-container,.e-container>.elementor-widget-spacer>.elementor-widget-container>.elementor-spacer{height:100%}.e-container>.elementor-widget-spacer>.elementor-widget-container>.elementor-spacer>.elementor-spacer-inner{height:var(--container-widget-height,var(--spacer-size))}<\/style>\t\t<div class=\"elementor-spacer\">\n\t\t\t<div class=\"elementor-spacer-inner\"><\/div>\n\t\t<\/div>\n\t\t\t\t<\/div>\n\t\t\t\t<\/div>\n\t\t\t\t\t<\/div>\n\t\t<\/div>\n\t\t\t\t\t\t\t<\/div>\n\t\t<\/section>\n\t\t\t\t<section class=\"elementor-section elementor-top-section elementor-element elementor-element-8643f82 elementor-section-stretched elementor-section-boxed elementor-section-height-default elementor-section-height-default wpr-particle-no wpr-jarallax-no wpr-parallax-no wpr-sticky-section-no\" data-id=\"8643f82\" data-element_type=\"section\" data-settings=\"{&quot;stretch_section&quot;:&quot;section-stretched&quot;}\">\n\t\t\t\t\t\t<div class=\"elementor-container elementor-column-gap-default\">\n\t\t\t\t\t<div class=\"elementor-column elementor-col-100 elementor-top-column elementor-element elementor-element-dd5fad5\" data-id=\"dd5fad5\" data-element_type=\"column\">\n\t\t\t<div class=\"elementor-widget-wrap elementor-element-populated\">\n\t\t\t\t\t\t\t\t<div class=\"elementor-element elementor-element-e3bddb7 elementor-widget elementor-widget-heading\" data-id=\"e3bddb7\" data-element_type=\"widget\" data-widget_type=\"heading.default\">\n\t\t\t\t<div class=\"elementor-widget-container\">\n\t\t\t<style>\/*! elementor - v3.7.4 - 31-08-2022 *\/\n.elementor-heading-title{padding:0;margin:0;line-height:1}.elementor-widget-heading .elementor-heading-title[class*=elementor-size-]>a{color:inherit;font-size:inherit;line-height:inherit}.elementor-widget-heading .elementor-heading-title.elementor-size-small{font-size:15px}.elementor-widget-heading .elementor-heading-title.elementor-size-medium{font-size:19px}.elementor-widget-heading .elementor-heading-title.elementor-size-large{font-size:29px}.elementor-widget-heading .elementor-heading-title.elementor-size-xl{font-size:39px}.elementor-widget-heading .elementor-heading-title.elementor-size-xxl{font-size:59px}<\/style><h2 class=\"elementor-heading-title elementor-size-default\">Elektronik Hizmetlerimiz<\/h2>\t\t<\/div>\n\t\t\t\t<\/div>\n\t\t\t\t\t<\/div>\n\t\t<\/div>\n\t\t\t\t\t\t\t<\/div>\n\t\t<\/section>\n\t\t\t\t<section class=\"elementor-section elementor-top-section elementor-element elementor-element-9397804 elementor-section-boxed elementor-section-height-default elementor-section-height-default wpr-particle-no wpr-jarallax-no wpr-parallax-no wpr-sticky-section-no\" data-id=\"9397804\" data-element_type=\"section\">\n\t\t\t\t\t\t<div class=\"elementor-container elementor-column-gap-default\">\n\t\t\t\t\t<div class=\"elementor-column elementor-col-100 elementor-top-column elementor-element elementor-element-6eea26b\" data-id=\"6eea26b\" data-element_type=\"column\">\n\t\t\t<div class=\"elementor-widget-wrap elementor-element-populated\">\n\t\t\t\t\t\t\t\t<div class=\"elementor-element elementor-element-10e51fe elementor-widget elementor-widget-spacer\" data-id=\"10e51fe\" data-element_type=\"widget\" data-widget_type=\"spacer.default\">\n\t\t\t\t<div class=\"elementor-widget-container\">\n\t\t\t\t\t<div class=\"elementor-spacer\">\n\t\t\t<div class=\"elementor-spacer-inner\"><\/div>\n\t\t<\/div>\n\t\t\t\t<\/div>\n\t\t\t\t<\/div>\n\t\t\t\t\t<\/div>\n\t\t<\/div>\n\t\t\t\t\t\t\t<\/div>\n\t\t<\/section>\n\t\t\t\t<section class=\"elementor-section elementor-top-section elementor-element elementor-element-1797fba elementor-section-stretched elementor-section-boxed elementor-section-height-default elementor-section-height-default wpr-particle-no wpr-jarallax-no wpr-parallax-no wpr-sticky-section-no\" data-id=\"1797fba\" data-element_type=\"section\" data-settings=\"{&quot;stretch_section&quot;:&quot;section-stretched&quot;,&quot;background_background&quot;:&quot;classic&quot;}\">\n\t\t\t\t\t\t<div class=\"elementor-container elementor-column-gap-default\">\n\t\t\t\t\t<div class=\"elementor-column elementor-col-25 elementor-top-column elementor-element elementor-element-ee0db1b\" data-id=\"ee0db1b\" data-element_type=\"column\">\n\t\t\t<div class=\"elementor-widget-wrap elementor-element-populated\">\n\t\t\t\t\t\t\t\t<div class=\"elementor-element elementor-element-43cd2b7 elementor-position-top elementor-vertical-align-top elementor-widget elementor-widget-image-box\" data-id=\"43cd2b7\" data-element_type=\"widget\" data-widget_type=\"image-box.default\">\n\t\t\t\t<div class=\"elementor-widget-container\">\n\t\t\t<style>\/*! elementor - v3.7.4 - 31-08-2022 *\/\n.elementor-widget-image-box .elementor-image-box-content{width:100%}@media (min-width:768px){.elementor-widget-image-box.elementor-position-left .elementor-image-box-wrapper,.elementor-widget-image-box.elementor-position-right .elementor-image-box-wrapper{display:-webkit-box;display:-ms-flexbox;display:flex}.elementor-widget-image-box.elementor-position-right .elementor-image-box-wrapper{text-align:right;-webkit-box-orient:horizontal;-webkit-box-direction:reverse;-ms-flex-direction:row-reverse;flex-direction:row-reverse}.elementor-widget-image-box.elementor-position-left .elementor-image-box-wrapper{text-align:left;-webkit-box-orient:horizontal;-webkit-box-direction:normal;-ms-flex-direction:row;flex-direction:row}.elementor-widget-image-box.elementor-position-top .elementor-image-box-img{margin:auto}.elementor-widget-image-box.elementor-vertical-align-top .elementor-image-box-wrapper{-webkit-box-align:start;-ms-flex-align:start;align-items:flex-start}.elementor-widget-image-box.elementor-vertical-align-middle .elementor-image-box-wrapper{-webkit-box-align:center;-ms-flex-align:center;align-items:center}.elementor-widget-image-box.elementor-vertical-align-bottom .elementor-image-box-wrapper{-webkit-box-align:end;-ms-flex-align:end;align-items:flex-end}}@media (max-width:767px){.elementor-widget-image-box .elementor-image-box-img{margin-left:auto!important;margin-right:auto!important;margin-bottom:15px}}.elementor-widget-image-box .elementor-image-box-img{display:inline-block}.elementor-widget-image-box .elementor-image-box-title a{color:inherit}.elementor-widget-image-box .elementor-image-box-wrapper{text-align:center}.elementor-widget-image-box .elementor-image-box-description{margin:0}<\/style><div class=\"elementor-image-box-wrapper\"><figure class=\"elementor-image-box-img\"><img loading=\"lazy\" decoding=\"async\" width=\"1032\" height=\"819\" src=\"https:\/\/arbaksavunma.com.tr\/wp-content\/uploads\/2023\/07\/41-e1689926791916.png\" class=\"attachment-2048x2048 size-2048x2048\" alt=\"\" \/><\/figure><div class=\"elementor-image-box-content\"><h3 class=\"elementor-image-box-title\">Devre Tasar\u0131m\u0131<\/h3><\/div><\/div>\t\t<\/div>\n\t\t\t\t<\/div>\n\t\t\t\t\t<\/div>\n\t\t<\/div>\n\t\t\t\t<div class=\"elementor-column elementor-col-50 elementor-top-column elementor-element elementor-element-d807c0e\" data-id=\"d807c0e\" data-element_type=\"column\">\n\t\t\t<div class=\"elementor-widget-wrap elementor-element-populated\">\n\t\t\t\t\t\t\t\t<div class=\"elementor-element elementor-element-9a3edc0 elementor-position-top elementor-vertical-align-top elementor-widget elementor-widget-image-box\" data-id=\"9a3edc0\" data-element_type=\"widget\" data-widget_type=\"image-box.default\">\n\t\t\t\t<div class=\"elementor-widget-container\">\n\t\t\t<div class=\"elementor-image-box-wrapper\"><figure class=\"elementor-image-box-img\"><img loading=\"lazy\" decoding=\"async\" width=\"2000\" height=\"2000\" src=\"https:\/\/arbaksavunma.com.tr\/wp-content\/uploads\/2023\/07\/Adsiz-tasarim-2-2.png\" class=\"attachment-2048x2048 size-2048x2048\" alt=\"\" \/><\/figure><div class=\"elementor-image-box-content\"><h3 class=\"elementor-image-box-title\">PCB Bas\u0131m\u0131<\/h3><p class=\"elementor-image-box-description\">Elektronik tasar\u0131m hizmetimizle, m\u00fc\u015fterilerimize yenilik\u00e7i ve etkileyici elektronik \u00fcr\u00fcnlerinin tasar\u0131m\u0131nda uzmanl\u0131k sa\u011fl\u0131yoruz. End\u00fcstriyel otomasyon, t\u00fcketici elektroni\u011fi, sa\u011fl\u0131k teknolojileri, ta\u015f\u0131mac\u0131l\u0131k ve daha bir\u00e7ok sekt\u00f6rde m\u00fc\u015fterilerimizin ihtiya\u00e7lar\u0131na y\u00f6nelik \u00f6zelle\u015ftirilmi\u015f elektronik \u00e7\u00f6z\u00fcmler sunuyoruz.\n\nDeneyimli ve uzman bir ekip taraf\u0131ndan y\u00fcr\u00fct\u00fclen elektronik tasar\u0131m projelerimizde, en son teknolojileri kullanarak, \u00fcr\u00fcnlerinizi pazarda \u00f6ne \u00e7\u0131karacak ve rekabet avantaj\u0131 elde etmenizi sa\u011flayacak yenilik\u00e7i tasar\u0131mlar ortaya koyuyoruz. M\u00fc\u015fteri memnuniyetini her zaman \u00f6ncelik olarak g\u00f6ren yakla\u015f\u0131m\u0131m\u0131zla, m\u00fc\u015fterilerimizle s\u00fcrekli ileti\u015fim halinde oluyor ve onlar\u0131n ihtiya\u00e7lar\u0131n\u0131 tam anlam\u0131yla anlayarak onlar\u0131n beklentilerini kar\u015f\u0131l\u0131yoruz.\n\n\u00dcr\u00fcnlerinizin g\u00fcvenilirli\u011fi ve kalitesi bizim i\u00e7in \u00f6nemlidir. Bu nedenle, tasar\u0131m s\u00fcrecimizde y\u00fcksek kalite standartlar\u0131n\u0131 uyguluyor ve s\u0131k\u0131 test ve de\u011ferlendirme s\u00fcre\u00e7leriyle \u00fcr\u00fcnlerinizi g\u00fcvenle piyasaya s\u00fcrmenizi sa\u011fl\u0131yoruz.<\/p><\/div><\/div>\t\t<\/div>\n\t\t\t\t<\/div>\n\t\t\t\t\t<\/div>\n\t\t<\/div>\n\t\t\t\t<div class=\"elementor-column elementor-col-25 elementor-top-column elementor-element elementor-element-6987645\" data-id=\"6987645\" data-element_type=\"column\">\n\t\t\t<div class=\"elementor-widget-wrap elementor-element-populated\">\n\t\t\t\t\t\t\t\t<div class=\"elementor-element elementor-element-d826ea5 elementor-position-top elementor-vertical-align-top elementor-widget elementor-widget-image-box\" data-id=\"d826ea5\" data-element_type=\"widget\" data-widget_type=\"image-box.default\">\n\t\t\t\t<div class=\"elementor-widget-container\">\n\t\t\t<div class=\"elementor-image-box-wrapper\"><figure class=\"elementor-image-box-img\"><img loading=\"lazy\" decoding=\"async\" width=\"1032\" height=\"819\" src=\"https:\/\/arbaksavunma.com.tr\/wp-content\/uploads\/2023\/07\/41-e1689926791916.png\" class=\"attachment-2048x2048 size-2048x2048\" alt=\"\" \/><\/figure><div class=\"elementor-image-box-content\"><h3 class=\"elementor-image-box-title\">CNC<\/h3><\/div><\/div>\t\t<\/div>\n\t\t\t\t<\/div>\n\t\t\t\t\t<\/div>\n\t\t<\/div>\n\t\t\t\t\t\t\t<\/div>\n\t\t<\/section>\n\t\t\t\t\t\t\t<\/div>\n\t\t","protected":false},"excerpt":{"rendered":"<p>Elektronik Hizmetlerimiz Devre Tasar\u0131m\u0131 PCB Bas\u0131m\u0131 Elektronik tasar\u0131m hizmetimizle, m\u00fc\u015fterilerimize yenilik\u00e7i ve etkileyici elektronik \u00fcr\u00fcnlerinin tasar\u0131m\u0131nda uzmanl\u0131k sa\u011fl\u0131yoruz. End\u00fcstriyel otomasyon, t\u00fcketici elektroni\u011fi, sa\u011fl\u0131k teknolojileri, ta\u015f\u0131mac\u0131l\u0131k ve daha bir\u00e7ok sekt\u00f6rde m\u00fc\u015fterilerimizin ihtiya\u00e7lar\u0131na y\u00f6nelik \u00f6zelle\u015ftirilmi\u015f elektronik \u00e7\u00f6z\u00fcmler sunuyoruz. Deneyimli ve uzman bir ekip taraf\u0131ndan y\u00fcr\u00fct\u00fclen elektronik tasar\u0131m projelerimizde, en son teknolojileri kullanarak, \u00fcr\u00fcnlerinizi pazarda \u00f6ne \u00e7\u0131karacak ve&hellip;&nbsp;<a href=\"https:\/\/arbaksavunma.com.tr\/index.php\/elektronik\/\" class=\"\" rel=\"bookmark\">Daha fazlas\u0131n\u0131 oku &raquo;<span class=\"screen-reader-text\">Elektronik<\/span><\/a><\/p>\n","protected":false},"author":1,"featured_media":0,"parent":0,"menu_order":0,"comment_status":"closed","ping_status":"closed","template":"elementor_header_footer","meta":{"neve_meta_sidebar":"","neve_meta_container":"","neve_meta_enable_content_width":"","neve_meta_content_width":0,"neve_meta_title_alignment":"","neve_meta_author_avatar":"","neve_post_elements_order":"","neve_meta_disable_header":"","neve_meta_disable_footer":"","neve_meta_disable_title":"","footnotes":""},"class_list":["post-1369","page","type-page","status-publish","hentry"],"_links":{"self":[{"href":"https:\/\/arbaksavunma.com.tr\/index.php\/wp-json\/wp\/v2\/pages\/1369","targetHints":{"allow":["GET"]}}],"collection":[{"href":"https:\/\/arbaksavunma.com.tr\/index.php\/wp-json\/wp\/v2\/pages"}],"about":[{"href":"https:\/\/arbaksavunma.com.tr\/index.php\/wp-json\/wp\/v2\/types\/page"}],"author":[{"embeddable":true,"href":"https:\/\/arbaksavunma.com.tr\/index.php\/wp-json\/wp\/v2\/users\/1"}],"replies":[{"embeddable":true,"href":"https:\/\/arbaksavunma.com.tr\/index.php\/wp-json\/wp\/v2\/comments?post=1369"}],"version-history":[{"count":13,"href":"https:\/\/arbaksavunma.com.tr\/index.php\/wp-json\/wp\/v2\/pages\/1369\/revisions"}],"predecessor-version":[{"id":1454,"href":"https:\/\/arbaksavunma.com.tr\/index.php\/wp-json\/wp\/v2\/pages\/1369\/revisions\/1454"}],"wp:attachment":[{"href":"https:\/\/arbaksavunma.com.tr\/index.php\/wp-json\/wp\/v2\/media?parent=1369"}],"curies":[{"name":"wp","href":"https:\/\/api.w.org\/{rel}","templated":true}]}}